{"id":86,"date":"2018-05-31T05:57:38","date_gmt":"2018-05-31T05:57:38","guid":{"rendered":"http:\/\/sw-themes.com\/porto_dummy\/?page_id=86"},"modified":"2023-01-03T19:01:25","modified_gmt":"2023-01-03T19:01:25","slug":"about-us","status":"publish","type":"page","link":"https:\/\/qsiacademy.com\/es\/about-us\/","title":{"rendered":"ACERCA DE NOSOTROS"},"content":{"rendered":"<p>[vc_row][vc_column][vc_column_text]<\/p>\n<h2><strong>NUESTRA HISTORIA<\/strong><\/h2>\n<p style=\"line-height: 30px;\">Desde 1993 brindamos servicios de capacitaci\u00f3n para apoyar a las organizaciones en sus iniciativas de mejoras de su sistema de gesti\u00f3n.<br \/>\nEn m\u00e1s de 25 a\u00f1os la compa\u00f1\u00eda ha capacitado cerca de 10,000 profesionales que representan a m\u00e1s de 500 compa\u00f1\u00edas multinacionales en m\u00e1s de 50 pa\u00edses.<\/p>\n<p>[\/vc_column_text][vc_column_text]<\/p>\n<h2><strong>MISI\u00d3N<\/strong><\/h2>\n<p style=\"text-align: justify; line-height: 30px;\">Brindar capacitaci\u00f3n y servicios Conexos basados \u200b\u200ben est\u00e1ndares reconocidos internacionalmente que contribuyan al \u00e9xito de nuestros clientes y al desarrollo sostenible de nuestros clientes, proveedores, socios comerciales y otros grupos de inter\u00e9s.<\/p>\n<p>[\/vc_column_text][vc_column_text]<\/p>\n<h2><strong>VISI\u00d3N<\/strong><\/h2>\n<p style=\"line-height: 30px;\">Ser conocida como una empresa que innova y emplea soluciones de vanguardia y se posiciona entre los proveedores de servicios de evaluaci\u00f3n de conformidad m\u00e1s prestigiosos que participan con \u00e9xito en el mercado global.<\/p>\n<p>[\/vc_column_text][vc_column_text]<\/p>\n<h2 style=\"text-align: left;\"><strong>NUESTROS VALORES<\/strong><\/h2>\n<p>[\/vc_column_text][\/vc_column][\/vc_row][vc_row][vc_column width=&#8221;1\/3&#8243; animation_type=&#8221;fadeInUp&#8221;]<div class=\"porto-sicon-wrapper mb-4 style_1\"><div class=\"porto-sicon-box left-icon\"><div class=\"porto-sicon-left\"><div id=\"porto-icon-64702139369e60d7203e42\" class=\"porto-just-icon-wrapper  \"><div class=\"align-icon\" style=\"text-align:center;\">\n<div class=\"porto-sicon-img \" style=\"font-size:60px;display:inline-block;\" >\n\t<img loading=\"lazy\" decoding=\"async\" class=\"img-icon\" alt=\"\" src=\"https:\/\/qsiacademy.com\/wp-content\/uploads\/2018\/05\/icon-1.png\" width=\"96\" height=\"70\" \/>\n<\/div><\/div><\/div><\/div><div class=\"porto-sicon-body\"><div class=\"porto-sicon-header\" ><h3 class=\"porto-sicon-title\" style=\"font-weight:600;font-size:21px;line-height:21px;\">ETICA<\/h3><\/div> <!-- header --><div class=\"porto-sicon-description\" style=\"font-family:&#039;Montserrat&#039;;\">\n<p style=\"text-align: justify;\">Trabajamos en todo momento de acuerdo con los valores morales, las buenas costumbres y las buenas pr\u00e1cticas profesionales, incluso en formas contrarias a nuestros intereses financieros; nuestras acciones lo demuestran.<\/p>\n<p><\/div> <!-- description --><\/div><\/div> <!-- porto-sicon-box --><\/div><div class=\"porto-sicon-wrapper mb-4 style_1\"><div class=\"porto-sicon-box left-icon\"><div class=\"porto-sicon-left\"><div id=\"porto-icon-111654922469e60d72047db\" class=\"porto-just-icon-wrapper  \"><div class=\"align-icon\" style=\"text-align:center;\">\n<div class=\"porto-sicon-img \" style=\"font-size:60px;display:inline-block;\" >\n\t<img loading=\"lazy\" decoding=\"async\" class=\"img-icon\" alt=\"\" src=\"https:\/\/qsiacademy.com\/wp-content\/uploads\/2018\/05\/icon-1.png\" width=\"96\" height=\"70\" \/>\n<\/div><\/div><\/div><\/div><div class=\"porto-sicon-body\"><div class=\"porto-sicon-header\" ><h3 class=\"porto-sicon-title\" style=\"font-weight:600;font-size:21px;line-height:21px;\">CREDIBILIDAD<\/h3><\/div> <!-- header --><div class=\"porto-sicon-description\" style=\"font-family:&#039;Montserrat&#039;;\">\n<p style=\"text-align: justify;\">Generamos confianza a trav\u00e9s de nuestras acciones y desempe\u00f1o profesional. Nuestro s\u00f3lido conocimiento y experiencia en nuestras respectivas \u00e1reas de trabajo nos permite alcanzar con precisi\u00f3n los objetivos, as\u00ed como tambi\u00e9n Determinar y superar los est\u00e1ndares de calidad establecidos.<\/p>\n<p><\/div> <!-- description --><\/div><\/div> <!-- porto-sicon-box --><\/div>[\/vc_column][vc_column width=&#8221;1\/3&#8243; animation_delay=&#8221;300&#8243; animation_type=&#8221;fadeInUp&#8221;]<div class=\"porto-sicon-wrapper mb-4 style_1\"><div class=\"porto-sicon-box left-icon\"><div class=\"porto-sicon-left\"><div id=\"porto-icon-124965649069e60d7205332\" class=\"porto-just-icon-wrapper  \"><div class=\"align-icon\" style=\"text-align:center;\">\n<div class=\"porto-sicon-img \" style=\"font-size:60px;display:inline-block;\" >\n\t<img loading=\"lazy\" decoding=\"async\" class=\"img-icon\" alt=\"\" src=\"https:\/\/qsiacademy.com\/wp-content\/uploads\/2018\/05\/icon-2.png\" width=\"98\" height=\"80\" \/>\n<\/div><\/div><\/div><\/div><div class=\"porto-sicon-body\"><div class=\"porto-sicon-header\" ><h3 class=\"porto-sicon-title\" style=\"font-weight:600;font-size:21px;line-height:21px;\">EQUIDAD<\/h3><\/div> <!-- header --><div class=\"porto-sicon-description\" style=\"font-family:&#039;Montserrat&#039;;\">\n<p style=\"text-align: justify;\">Damos a cada parte lo que pertenece; siempre garantizando que se cumplan los valores organizacionales, trabajando de acuerdo con nuestra visi\u00f3n y estrategias comerciales.<\/p>\n<p><\/div> <!-- description --><\/div><\/div> <!-- porto-sicon-box --><\/div><div class=\"porto-sicon-wrapper mb-4 style_1\"><div class=\"porto-sicon-box left-icon\"><div class=\"porto-sicon-left\"><div id=\"porto-icon-81498124769e60d7205bc6\" class=\"porto-just-icon-wrapper  \"><div class=\"align-icon\" style=\"text-align:center;\">\n<div class=\"porto-sicon-img \" style=\"font-size:60px;display:inline-block;\" >\n\t<img loading=\"lazy\" decoding=\"async\" class=\"img-icon\" alt=\"\" src=\"https:\/\/qsiacademy.com\/wp-content\/uploads\/2018\/05\/icon-2.png\" width=\"98\" height=\"80\" \/>\n<\/div><\/div><\/div><\/div><div class=\"porto-sicon-body\"><div class=\"porto-sicon-header\" ><h3 class=\"porto-sicon-title\" style=\"font-weight:600;font-size:21px;line-height:21px;\">LIDERAZGO<\/h3><\/div> <!-- header --><div class=\"porto-sicon-description\" style=\"font-family:&#039;Montserrat&#039;;\">\n<p style=\"text-align: justify;\">Promovemos el desarrollo de nuestro recurso humano, Estimulando un clima organizacional desafiante y armonioso que contribuya al logro de las estrategias comerciales.<\/p>\n<p><\/div> <!-- description --><\/div><\/div> <!-- porto-sicon-box --><\/div>[\/vc_column][vc_column width=&#8221;1\/3&#8243; animation_delay=&#8221;600&#8243; animation_type=&#8221;fadeInUp&#8221;]<div class=\"porto-sicon-wrapper mb-4 style_1\"><div class=\"porto-sicon-box left-icon\"><div class=\"porto-sicon-left\"><div id=\"porto-icon-160912452269e60d7206754\" class=\"porto-just-icon-wrapper  \"><div class=\"align-icon\" style=\"text-align:center;\">\n<div class=\"porto-sicon-img \" style=\"font-size:60px;display:inline-block;\" >\n\t<img loading=\"lazy\" decoding=\"async\" class=\"img-icon\" alt=\"\" src=\"https:\/\/qsiacademy.com\/wp-content\/uploads\/2018\/05\/icon-3.png\" width=\"98\" height=\"86\" \/>\n<\/div><\/div><\/div><\/div><div class=\"porto-sicon-body\"><div class=\"porto-sicon-header\" ><h3 class=\"porto-sicon-title\" style=\"font-weight:600;font-size:21px;line-height:21px;\">RESPONSABILIDAD<\/h3><\/div> <!-- header --><div class=\"porto-sicon-description\" style=\"font-family:&#039;Montserrat&#039;;\">\n<p style=\"text-align: justify;\">Encontramos satisfacci\u00f3n en el trabajo que realizamos y en la obtenci\u00f3n de buenos resultados. Llevamos a cabo nuestras tareas con precisi\u00f3n y calidad, con el prop\u00f3sito de contribuir al logro de la estrategia organizacional.<\/p>\n<p><\/div> <!-- description --><\/div><\/div> <!-- porto-sicon-box --><\/div><div class=\"porto-sicon-wrapper mb-4 style_1\"><div class=\"porto-sicon-box left-icon\"><div class=\"porto-sicon-left\"><div id=\"porto-icon-63591616769e60d7206f84\" class=\"porto-just-icon-wrapper  \"><div class=\"align-icon\" style=\"text-align:center;\">\n<div class=\"porto-sicon-img \" style=\"font-size:60px;display:inline-block;\" >\n\t<img loading=\"lazy\" decoding=\"async\" class=\"img-icon\" alt=\"\" src=\"https:\/\/qsiacademy.com\/wp-content\/uploads\/2018\/05\/icon-3.png\" width=\"98\" height=\"86\" \/>\n<\/div><\/div><\/div><\/div><div class=\"porto-sicon-body\"><div class=\"porto-sicon-header\" ><h3 class=\"porto-sicon-title\" style=\"font-weight:600;font-size:21px;line-height:21px;\">CALIDAD Y MEJORA CONTINUA<\/h3><\/div> <!-- header --><div class=\"porto-sicon-description\" style=\"font-family:&#039;Montserrat&#039;;\">\n<p style=\"text-align: justify;\">Dise\u00f1amos m\u00e9todos de trabajo que nos permitan optimizar los recursos disponibles, agregando valor a trav\u00e9s de la generaci\u00f3n de ideas, enfoques o soluciones originales que permitan perfeccionar, modernizar u optimizar los procesos de la organizaci\u00f3n.<\/p>\n<p><\/div> <!-- description --><\/div><\/div> <!-- porto-sicon-box --><\/div>[\/vc_column][\/vc_row]<\/p>\n","protected":false},"excerpt":{"rendered":"<p>[vc_row][vc_column][vc_column_text] NUESTRA HISTORIA Desde 1993 brindamos servicios de capacitaci\u00f3n para apoyar a las organizaciones en sus iniciativas de mejoras de su sistema de gesti\u00f3n. En m\u00e1s de 25 a\u00f1os la compa\u00f1\u00eda ha capacitado cerca de 10,000 profesionales que representan a m\u00e1s de 500 compa\u00f1\u00edas multinacionales en m\u00e1s de 50 pa\u00edses. [\/vc_column_text][vc_column_text] MISI\u00d3N Brindar capacitaci\u00f3n y [&hellip;]<\/p>\n","protected":false},"author":3,"featured_media":0,"parent":0,"menu_order":0,"comment_status":"closed","ping_status":"closed","template":"","meta":{"_uag_custom_page_level_css":"","_exactmetrics_skip_tracking":false,"_exactmetrics_sitenote_active":false,"_exactmetrics_sitenote_note":"","_exactmetrics_sitenote_category":0,"_monsterinsights_skip_tracking":false,"_monsterinsights_sitenote_active":false,"_monsterinsights_sitenote_note":"","_monsterinsights_sitenote_category":0,"footnotes":""},"class_list":["post-86","page","type-page","status-publish","hentry"],"yoast_head":"<!-- This site is optimized with the Yoast SEO plugin v26.5 - https:\/\/yoast.com\/wordpress\/plugins\/seo\/ -->\n<title>ACERCA DE NOSOTROS - QSI Academy<\/title>\n<meta name=\"robots\" content=\"index, follow, max-snippet:-1, max-image-preview:large, max-video-preview:-1\" \/>\n<link rel=\"canonical\" href=\"https:\/\/qsiacademy.com\/about-us\/\" \/>\n<meta property=\"og:locale\" content=\"es_ES\" \/>\n<meta property=\"og:type\" content=\"article\" \/>\n<meta property=\"og:title\" content=\"ACERCA DE NOSOTROS - QSI Academy\" \/>\n<meta property=\"og:description\" content=\"[vc_row][vc_column][vc_column_text] NUESTRA HISTORIA Desde 1993 brindamos servicios de capacitaci\u00f3n para apoyar a las organizaciones en sus iniciativas de mejoras de su sistema de gesti\u00f3n. En m\u00e1s de 25 a\u00f1os la compa\u00f1\u00eda ha capacitado cerca de 10,000 profesionales que representan a m\u00e1s de 500 compa\u00f1\u00edas multinacionales en m\u00e1s de 50 pa\u00edses. [\/vc_column_text][vc_column_text] MISI\u00d3N Brindar capacitaci\u00f3n y [&hellip;]\" \/>\n<meta property=\"og:url\" content=\"https:\/\/qsiacademy.com\/about-us\/\" \/>\n<meta property=\"og:site_name\" content=\"QSI Academy\" \/>\n<meta property=\"article:modified_time\" content=\"2023-01-03T19:01:25+00:00\" \/>\n<meta name=\"twitter:card\" content=\"summary_large_image\" \/>\n<meta name=\"twitter:site\" content=\"@qsiacademy\" \/>\n<meta name=\"twitter:label1\" content=\"Tiempo de lectura\" \/>\n\t<meta name=\"twitter:data1\" content=\"2 minutos\" \/>\n<script type=\"application\/ld+json\" class=\"yoast-schema-graph\">{\"@context\":\"https:\/\/schema.org\",\"@graph\":[{\"@type\":\"WebPage\",\"@id\":\"https:\/\/qsiacademy.com\/about-us\/\",\"url\":\"https:\/\/qsiacademy.com\/about-us\/\",\"name\":\"ACERCA DE NOSOTROS - QSI Academy\",\"isPartOf\":{\"@id\":\"https:\/\/qsiacademy.com\/#website\"},\"datePublished\":\"2018-05-31T05:57:38+00:00\",\"dateModified\":\"2023-01-03T19:01:25+00:00\",\"breadcrumb\":{\"@id\":\"https:\/\/qsiacademy.com\/about-us\/#breadcrumb\"},\"inLanguage\":\"es\",\"potentialAction\":[{\"@type\":\"ReadAction\",\"target\":[\"https:\/\/qsiacademy.com\/about-us\/\"]}]},{\"@type\":\"BreadcrumbList\",\"@id\":\"https:\/\/qsiacademy.com\/about-us\/#breadcrumb\",\"itemListElement\":[{\"@type\":\"ListItem\",\"position\":1,\"name\":\"Home\",\"item\":\"https:\/\/qsiacademy.com\/\"},{\"@type\":\"ListItem\",\"position\":2,\"name\":\"About Us\"}]},{\"@type\":\"WebSite\",\"@id\":\"https:\/\/qsiacademy.com\/#website\",\"url\":\"https:\/\/qsiacademy.com\/\",\"name\":\"QSI Academy\",\"description\":\"Cursos y Diplomados Acreditados\",\"potentialAction\":[{\"@type\":\"SearchAction\",\"target\":{\"@type\":\"EntryPoint\",\"urlTemplate\":\"https:\/\/qsiacademy.com\/?s={search_term_string}\"},\"query-input\":{\"@type\":\"PropertyValueSpecification\",\"valueRequired\":true,\"valueName\":\"search_term_string\"}}],\"inLanguage\":\"es\"}]}<\/script>\n<!-- \/ Yoast SEO plugin. -->","yoast_head_json":{"title":"ACERCA DE NOSOTROS - QSI Academy","robots":{"index":"index","follow":"follow","max-snippet":"max-snippet:-1","max-image-preview":"max-image-preview:large","max-video-preview":"max-video-preview:-1"},"canonical":"https:\/\/qsiacademy.com\/about-us\/","og_locale":"es_ES","og_type":"article","og_title":"ACERCA DE NOSOTROS - QSI Academy","og_description":"[vc_row][vc_column][vc_column_text] NUESTRA HISTORIA Desde 1993 brindamos servicios de capacitaci\u00f3n para apoyar a las organizaciones en sus iniciativas de mejoras de su sistema de gesti\u00f3n. En m\u00e1s de 25 a\u00f1os la compa\u00f1\u00eda ha capacitado cerca de 10,000 profesionales que representan a m\u00e1s de 500 compa\u00f1\u00edas multinacionales en m\u00e1s de 50 pa\u00edses. [\/vc_column_text][vc_column_text] MISI\u00d3N Brindar capacitaci\u00f3n y [&hellip;]","og_url":"https:\/\/qsiacademy.com\/about-us\/","og_site_name":"QSI Academy","article_modified_time":"2023-01-03T19:01:25+00:00","twitter_card":"summary_large_image","twitter_site":"@qsiacademy","twitter_misc":{"Tiempo de lectura":"2 minutos"},"schema":{"@context":"https:\/\/schema.org","@graph":[{"@type":"WebPage","@id":"https:\/\/qsiacademy.com\/about-us\/","url":"https:\/\/qsiacademy.com\/about-us\/","name":"ACERCA DE NOSOTROS - QSI Academy","isPartOf":{"@id":"https:\/\/qsiacademy.com\/#website"},"datePublished":"2018-05-31T05:57:38+00:00","dateModified":"2023-01-03T19:01:25+00:00","breadcrumb":{"@id":"https:\/\/qsiacademy.com\/about-us\/#breadcrumb"},"inLanguage":"es","potentialAction":[{"@type":"ReadAction","target":["https:\/\/qsiacademy.com\/about-us\/"]}]},{"@type":"BreadcrumbList","@id":"https:\/\/qsiacademy.com\/about-us\/#breadcrumb","itemListElement":[{"@type":"ListItem","position":1,"name":"Home","item":"https:\/\/qsiacademy.com\/"},{"@type":"ListItem","position":2,"name":"About Us"}]},{"@type":"WebSite","@id":"https:\/\/qsiacademy.com\/#website","url":"https:\/\/qsiacademy.com\/","name":"QSI Academy","description":"Cursos y Diplomados Acreditados","potentialAction":[{"@type":"SearchAction","target":{"@type":"EntryPoint","urlTemplate":"https:\/\/qsiacademy.com\/?s={search_term_string}"},"query-input":{"@type":"PropertyValueSpecification","valueRequired":true,"valueName":"search_term_string"}}],"inLanguage":"es"}]}},"uagb_featured_image_src":{"full":false,"thumbnail":false,"medium":false,"medium_large":false,"large":false,"1536x1536":false,"2048x2048":false,"blog-large":false,"blog-medium":false,"blog-masonry":false,"blog-masonry-small":false,"blog-grid":false,"blog-grid-small":false,"related-post":false,"portfolio-grid-one":false,"portfolio-grid-two":false,"portfolio-grid":false,"portfolio-masonry":false,"portfolio-full":false,"portfolio-large":false,"portfolio-medium":false,"portfolio-timeline":false,"related-portfolio":false,"portfolio-cat-stripes":false,"portfolio-cat-parallax":false,"portfolio-thumbnail":false,"member-two":false,"member":false,"widget-thumb-medium":false,"widget-thumb":false,"woocommerce_thumbnail":false,"woocommerce_single":false,"woocommerce_gallery_thumbnail":false,"swatches_image_size":false,"ppec_logo_image_size":false,"ppec_header_image_size":false},"uagb_author_info":{"display_name":"Claudio Castillo","author_link":"https:\/\/qsiacademy.com\/es\/author\/ccastillonebusis-com\/"},"uagb_comment_info":0,"uagb_excerpt":"[vc_row][vc_column][vc_column_text] NUESTRA HISTORIA Desde 1993 brindamos servicios de capacitaci\u00f3n para apoyar a las organizaciones en sus iniciativas de mejoras de su sistema de gesti\u00f3n. En m\u00e1s de 25 a\u00f1os la compa\u00f1\u00eda ha capacitado cerca de 10,000 profesionales que representan a m\u00e1s de 500 compa\u00f1\u00edas multinacionales en m\u00e1s de 50 pa\u00edses. [\/vc_column_text][vc_column_text] MISI\u00d3N Brindar capacitaci\u00f3n y&hellip;","_links":{"self":[{"href":"https:\/\/qsiacademy.com\/es\/wp-json\/wp\/v2\/pages\/86","targetHints":{"allow":["GET"]}}],"collection":[{"href":"https:\/\/qsiacademy.com\/es\/wp-json\/wp\/v2\/pages"}],"about":[{"href":"https:\/\/qsiacademy.com\/es\/wp-json\/wp\/v2\/types\/page"}],"author":[{"embeddable":true,"href":"https:\/\/qsiacademy.com\/es\/wp-json\/wp\/v2\/users\/3"}],"replies":[{"embeddable":true,"href":"https:\/\/qsiacademy.com\/es\/wp-json\/wp\/v2\/comments?post=86"}],"version-history":[{"count":10,"href":"https:\/\/qsiacademy.com\/es\/wp-json\/wp\/v2\/pages\/86\/revisions"}],"predecessor-version":[{"id":4282,"href":"https:\/\/qsiacademy.com\/es\/wp-json\/wp\/v2\/pages\/86\/revisions\/4282"}],"wp:attachment":[{"href":"https:\/\/qsiacademy.com\/es\/wp-json\/wp\/v2\/media?parent=86"}],"curies":[{"name":"wp","href":"https:\/\/api.w.org\/{rel}","templated":true}]}}