{"id":900,"date":"2018-08-07T02:38:00","date_gmt":"2018-08-07T02:38:00","guid":{"rendered":"https:\/\/qsiacademy.com\/?page_id=900"},"modified":"2019-03-26T00:48:16","modified_gmt":"2019-03-26T00:48:16","slug":"privacy-policy","status":"publish","type":"page","link":"https:\/\/qsiacademy.com\/es\/privacy-policy\/","title":{"rendered":"Pol\u00edtica de Privacidad"},"content":{"rendered":"<p>[vc_row][vc_column][vc_column_text]<\/p>\n<p style=\"text-align: justify;\">Fecha de vigencia: 24 de agosto de 2018<\/p>\n<p style=\"text-align: justify;\">Utilizamos sus datos para proporcionar y mejorar el Servicio. Al utilizar el Servicio, usted acepta la recopilaci\u00f3n y el uso de informaci\u00f3n de acuerdo con esta pol\u00edtica. A menos que se defina lo contrario en esta Pol\u00edtica de Privacidad, los t\u00e9rminos utilizados en esta Pol\u00edtica de Privacidad tienen el mismo significado que en nuestros <a href=\"\/es\/terms-and-conditions\/\">T\u00e9rminos y Condiciones<\/a>.<\/p>\n<p style=\"text-align: justify;\"><strong><span style=\"font-size: 20px;\">Recopilaci\u00f3n y Uso de la Informaci\u00f3n<\/span><\/strong><br \/>\nRecopilamos varios tipos diferentes de informaci\u00f3n para varios prop\u00f3sitos con el fin de proporcionarle y mejorar nuestro Servicio.<\/p>\n<p style=\"text-align: justify;\"><strong><span style=\"font-size: 20px;\">Tipos de Datos Recopilados<\/span><\/strong><\/p>\n<p style=\"text-align: justify;\"><strong>Datos Personales<\/strong><\/p>\n<p style=\"text-align: justify;\">Al utilizar nuestro Servicio, es posible que le pidamos que nos proporcione cierta informaci\u00f3n de identificaci\u00f3n personal que puede ser utilizada para contactarlo o identificarlo (&#8220;Datos personales&#8221;). La informaci\u00f3n personal identificable puede incluir, pero no est\u00e1 limitada a:<\/p>\n<p style=\"text-align: justify;\">\u2022 Direcci\u00f3n de correo electr\u00f3nico<br \/>\n\u2022 Nombre y apellido<br \/>\n\u2022 N\u00famero de tel\u00e9fono<br \/>\n\u2022 Direcci\u00f3n, Estado, Provincia, C\u00f3digo postal, Ciudad<br \/>\n\u2022 Cookies y datos de uso<\/p>\n<p style=\"text-align: justify;\"><strong>Datos de Uso<\/strong><\/p>\n<p style=\"text-align: justify;\">Tambi\u00e9n podemos recopilar informaci\u00f3n sobre c\u00f3mo se accede al Servicio y c\u00f3mo se utiliza (&#8220;Datos de uso&#8221;). Estos Datos de Uso pueden incluir informaci\u00f3n como la direcci\u00f3n de Protocolo de Internet de su computadora (por ejemplo, direcci\u00f3n IP), tipo de navegador, versi\u00f3n del navegador, las p\u00e1ginas de nuestro Servicio que visita, la hora y fecha de su visita, el tiempo que pasa en esas p\u00e1ginas, identificadores \u00fanicos de dispositivos y otros datos de diagn\u00f3stico.<\/p>\n<p style=\"text-align: justify;\"><strong>Seguimiento y Datos de Cookies<\/strong><\/p>\n<p style=\"text-align: justify;\">Utilizamos cookies y tecnolog\u00edas de rastreo similares para rastrear la actividad de nuestro Servicio y conservar cierta informaci\u00f3n.<\/p>\n<p style=\"text-align: justify;\">Las cookies son archivos con una peque\u00f1a cantidad de datos que pueden incluir un identificador \u00fanico an\u00f3nimo. Las cookies se env\u00edan a su navegador desde un sitio web y se almacenan en su dispositivo. Las tecnolog\u00edas de rastreo que tambi\u00e9n se utilizan son balizas, etiquetas y scripts para recopilar y rastrear informaci\u00f3n y para mejorar y analizar nuestro Servicio.<\/p>\n<p>Usted puede indicar a su navegador que rechace todas las cookies o que indique cu\u00e1ndo se est\u00e1 enviando una cookie. Sin embargo, si no acepta las cookies, es posible que no pueda utilizar algunas partes de nuestro Servicio.<\/p>\n<p style=\"text-align: justify;\">Ejemplos de Cookies que utilizamos:<\/p>\n<p style=\"text-align: justify;\">\u2022 <strong>Cookies de sesi\u00f3n<\/strong>. Utilizamos Cookies de Sesi\u00f3n para operar nuestro Servicio.<br \/>\n\u2022 <strong>Cookies de preferencia<\/strong>. Utilizamos Cookies de Preferencia para recordar sus preferencias y varias configuraciones.<br \/>\n\u2022 <strong>Cookies de seguridad<\/strong>. Utilizamos Cookies de Seguridad con fines de seguridad.<\/p>\n<p style=\"text-align: justify;\"><span style=\"font-size: 20px;\"><strong>Uso de los Datos<\/strong><\/span><\/p>\n<p style=\"text-align: justify;\">La Academia QSI utiliza los datos recopilados para varios prop\u00f3sitos:<\/p>\n<p style=\"text-align: justify;\">\u2022 Proporcionar y mantener el Servicio<br \/>\n\u2022 Para notificarle acerca de cambios en nuestro Servicio<br \/>\n\u2022 Para permitirle participar en las funciones interactivas de nuestro Servicio cuando as\u00ed lo desee<br \/>\n\u2022 Brindar atenci\u00f3n y apoyo al cliente<br \/>\n\u2022 Proporcionar an\u00e1lisis o informaci\u00f3n valiosa para que podamos mejorar el Servicio<br \/>\n\u2022 Para controlar el uso del Servicio<br \/>\n\u2022 Detectar, prevenir y abordar problemas t\u00e9cnicos<\/p>\n<p style=\"text-align: justify;\"><span style=\"font-size: 20px;\"><strong>Transferencia de Datos<\/strong><\/span><\/p>\n<p style=\"text-align: justify;\">Su informaci\u00f3n, incluyendo datos personales, puede ser transferida y mantenida en computadoras ubicadas fuera de su estado, provincia, pa\u00eds u otra jurisdicci\u00f3n gubernamental donde las leyes de protecci\u00f3n de datos pueden diferir de las de su jurisdicci\u00f3n.<\/p>\n<p style=\"text-align: justify;\">Si se encuentra fuera de los Estados Unidos y decide proporcionarnos informaci\u00f3n, tenga en cuenta que transferimos los datos, incluidos los datos personales, a los Estados Unidos y los procesamos all\u00ed.<\/p>\n<p style=\"text-align: justify;\">Su consentimiento a esta Pol\u00edtica de Privacidad seguido de la presentaci\u00f3n de dicha informaci\u00f3n representa su consentimiento a dicha transferencia.<\/p>\n<p style=\"text-align: justify;\">QSI Academy tomar\u00e1 todas las medidas razonablemente necesarias para asegurar que sus datos sean tratados de manera segura y de acuerdo con esta Pol\u00edtica de Privacidad y que no se realice ninguna transferencia de sus Datos Personales a una organizaci\u00f3n o a un pa\u00eds a menos que existan controles adecuados, incluyendo la seguridad de sus datos y otra informaci\u00f3n personal.<\/p>\n<p style=\"text-align: justify;\"><span style=\"font-size: 20px;\"><strong>Divulgaci\u00f3n de Datos<\/strong><\/span><\/p>\n<p style=\"text-align: justify;\"><strong>Requisitos Legales<\/strong><\/p>\n<p>QSI Academy puede revelar sus Datos Personales en la creencia de buena fe de que dicha acci\u00f3n es necesaria para:<\/p>\n<p style=\"text-align: justify;\">\u2022 Para cumplir con una obligaci\u00f3n legal<br \/>\n\u2022 Para proteger y defender los derechos o la propiedad de la Academia QSI<br \/>\n\u2022 Para prevenir o investigar posibles irregularidades en relaci\u00f3n con el Servicio<br \/>\n\u2022 Para proteger la seguridad personal de los usuarios del Servicio o del p\u00fablico<br \/>\n\u2022 Para protegerse de la responsabilidad legal<\/p>\n<p style=\"text-align: justify;\"><strong>Seguridad de los Datos<\/strong><\/p>\n<p style=\"text-align: justify;\">La seguridad de sus datos es importante para nosotros, pero recuerde que ning\u00fan m\u00e9todo de transmisi\u00f3n a trav\u00e9s de Internet, o m\u00e9todo de almacenamiento electr\u00f3nico es 100% seguro. Aunque nos esforzamos por utilizar medios comercialmente aceptables para proteger sus Datos Personales, no podemos garantizar su absoluta seguridad.<\/p>\n<p style=\"text-align: justify;\"><strong>Proveedores de Servicios<\/strong><\/p>\n<p style=\"text-align: justify;\">Podemos emplear a terceros para facilitar nuestro Servicio (&#8220;Proveedores de Servicios&#8221;), para proporcionar el Servicio en nuestro nombre, para realizar servicios relacionados con el Servicio o para ayudarnos a analizar c\u00f3mo se utiliza nuestro Servicio.<\/p>\n<p style=\"text-align: justify;\">Estos terceros tienen acceso a sus datos personales s\u00f3lo para realizar estas tareas en nuestro nombre y est\u00e1n obligados a no divulgarlos ni utilizarlos para ning\u00fan otro fin.<\/p>\n<p style=\"text-align: justify;\"><span style=\"font-size: 20px;\"><strong>Anal\u00edtica<\/strong><\/span><\/p>\n<p style=\"text-align: justify;\">Es posible que utilicemos Proveedores de Servicios de terceros para supervisar y analizar el uso de nuestro Servicio.<\/p>\n<p style=\"text-align: justify;\">\u2022 <strong>Google Analytics<\/strong><\/p>\n<p style=\"text-align: justify;\">Google Analytics es un servicio de an\u00e1lisis web ofrecido por Google que realiza un seguimiento e informa sobre el tr\u00e1fico del sitio web. Google utiliza los datos recopilados para realizar un seguimiento y controlar el uso de nuestro Servicio. Estos datos se comparten con otros servicios de Google. Google puede utilizar los datos recopilados para contextualizar y personalizar los anuncios de su propia red publicitaria.<\/p>\n<p style=\"text-align: justify;\">Puede optar por no poner su actividad en el Servicio a disposici\u00f3n de Google Analytics instalando el complemento de exclusi\u00f3n voluntaria del navegador de Google Analytics. El complemento impide que Google Analytics JavaScript (ga.js, analytics.js y dc.js) comparta informaci\u00f3n con Google Analytics sobre la actividad de las visitas.<\/p>\n<p style=\"text-align: justify;\">Para obtener m\u00e1s informaci\u00f3n sobre las pr\u00e1cticas de privacidad de Google, visite la p\u00e1gina web de T\u00e9rminos y privacidad de Google: <a href=\"https:\/\/policies.google.com\/privacy?hl=es\">https:\/\/policies.google.com\/privacy?hl=es<\/a><\/p>\n<p><span style=\"font-size: 20px;\"><strong>Enlaces a Otros Sitios<\/strong><\/span><\/p>\n<p style=\"text-align: justify;\">Nuestro Servicio puede contener enlaces a otros sitios que no son operados por nosotros. Si hace clic en un enlace de un tercero, se le dirigir\u00e1 al sitio de ese tercero. Le recomen damos encarecidamente que revise la Pol\u00edtica de Privacidad de cada sitio que visite.<\/p>\n<p style=\"text-align: justify;\">No tenemos control y no asumimos ninguna responsabilidad por el contenido, las pol\u00edticas de privacidad o las pr\u00e1cticas de los sitios o servicios de terceros.<\/p>\n<p style=\"text-align: justify;\"><span style=\"font-size: 20px;\"><strong>Privacidad de los Ni\u00f1os<\/strong><\/span><\/p>\n<p style=\"text-align: justify;\">Nuestro Servicio no se dirige a ninguna persona menor de 18 a\u00f1os (&#8220;Ni\u00f1os&#8221;).<\/p>\n<p style=\"text-align: justify;\">No recopilamos intencionadamente informaci\u00f3n personal identificable de ninguna persona menor de 18 a\u00f1os. Si usted es padre, madre o tutor y sabe que sus hijos nos han proporcionado datos personales, p\u00f3ngase en contacto con nosotros. Si nos damos cuenta de que hemos recopilado datos personales de ni\u00f1os sin verificar el consentimiento de los padres, tomamos medidas para eliminar esa informaci\u00f3n de nuestros servidores.<\/p>\n<p style=\"text-align: justify;\"><span style=\"font-size: 20px;\"><strong>Cambios a esta Pol\u00edtica de Privacidad<\/strong><\/span><\/p>\n<p style=\"text-align: justify;\">Podemos actualizar nuestra Pol\u00edtica de Privacidad de vez en cuando. Le notificaremos de cualquier cambio publicando la nueva Pol\u00edtica de Privacidad en esta p\u00e1gina.<\/p>\n<p style=\"text-align: justify;\">Le informaremos por correo electr\u00f3nico y\/o mediante un aviso destacado en nuestro Servicio, antes de que el cambio entre en vigor y actualizaremos la &#8220;fecha de entrada en vigor&#8221; que figura en la parte superior de esta Pol\u00edtica de Privacidad.<\/p>\n<p style=\"text-align: justify;\">Se le aconseja que revise esta Pol\u00edtica de Privacidad peri\u00f3dicamente para detectar cualquier cambio. Los cambios a esta Pol\u00edtica de Privacidad son efectivos cuando se publican en esta p\u00e1gina.<\/p>\n<p style=\"text-align: justify;\"><strong><span style=\"font-size: 20px;\">Cont\u00e1ctenos<\/span><\/strong><br \/>\nSi tiene alguna pregunta sobre esta Pol\u00edtica de Privacidad, por favor cont\u00e1ctenos:<\/p>\n<p style=\"text-align: justify;\">\u2022 Por correo electr\u00f3nico: <a href=\"mailto:training@qsiacademy.com\">training@qsiacademy.com<\/a><br \/>\n\u2022 A trav\u00e9s del <a href=\"\/es\/contact-us\/\">Formulario de Contacto<\/a><\/p>\n<p>[\/vc_column_text][\/vc_column][\/vc_row]<\/p>\n","protected":false},"excerpt":{"rendered":"<p>[vc_row][vc_column][vc_column_text] Fecha de vigencia: 24 de agosto de 2018 Utilizamos sus datos para proporcionar y mejorar el Servicio. Al utilizar el Servicio, usted acepta la recopilaci\u00f3n y el uso de informaci\u00f3n de acuerdo con esta pol\u00edtica. A menos que se defina lo contrario en esta Pol\u00edtica de Privacidad, los t\u00e9rminos utilizados en esta Pol\u00edtica de [&hellip;]<\/p>\n","protected":false},"author":3,"featured_media":0,"parent":0,"menu_order":0,"comment_status":"closed","ping_status":"closed","template":"","meta":{"_uag_custom_page_level_css":"","_exactmetrics_skip_tracking":false,"_exactmetrics_sitenote_active":false,"_exactmetrics_sitenote_note":"","_exactmetrics_sitenote_category":0,"_monsterinsights_skip_tracking":false,"_monsterinsights_sitenote_active":false,"_monsterinsights_sitenote_note":"","_monsterinsights_sitenote_category":0,"footnotes":""},"class_list":["post-900","page","type-page","status-publish","hentry"],"yoast_head":"<!-- This site is optimized with the Yoast SEO plugin v26.5 - https:\/\/yoast.com\/wordpress\/plugins\/seo\/ -->\n<title>Pol\u00edtica de Privacidad - QSI Academy<\/title>\n<meta name=\"robots\" content=\"index, follow, max-snippet:-1, max-image-preview:large, max-video-preview:-1\" \/>\n<link rel=\"canonical\" href=\"https:\/\/qsiacademy.com\/privacy-policy\/\" \/>\n<meta property=\"og:locale\" content=\"es_ES\" \/>\n<meta property=\"og:type\" content=\"article\" \/>\n<meta property=\"og:title\" content=\"Pol\u00edtica de Privacidad - QSI Academy\" \/>\n<meta property=\"og:description\" content=\"[vc_row][vc_column][vc_column_text] Fecha de vigencia: 24 de agosto de 2018 Utilizamos sus datos para proporcionar y mejorar el Servicio. Al utilizar el Servicio, usted acepta la recopilaci\u00f3n y el uso de informaci\u00f3n de acuerdo con esta pol\u00edtica. A menos que se defina lo contrario en esta Pol\u00edtica de Privacidad, los t\u00e9rminos utilizados en esta Pol\u00edtica de [&hellip;]\" \/>\n<meta property=\"og:url\" content=\"https:\/\/qsiacademy.com\/privacy-policy\/\" \/>\n<meta property=\"og:site_name\" content=\"QSI Academy\" \/>\n<meta property=\"article:modified_time\" content=\"2019-03-26T00:48:16+00:00\" \/>\n<meta name=\"twitter:card\" content=\"summary_large_image\" \/>\n<meta name=\"twitter:site\" content=\"@qsiacademy\" \/>\n<meta name=\"twitter:label1\" content=\"Tiempo de lectura\" \/>\n\t<meta name=\"twitter:data1\" content=\"7 minutos\" \/>\n<script type=\"application\/ld+json\" class=\"yoast-schema-graph\">{\"@context\":\"https:\/\/schema.org\",\"@graph\":[{\"@type\":\"WebPage\",\"@id\":\"https:\/\/qsiacademy.com\/privacy-policy\/\",\"url\":\"https:\/\/qsiacademy.com\/privacy-policy\/\",\"name\":\"Pol\u00edtica de Privacidad - QSI Academy\",\"isPartOf\":{\"@id\":\"https:\/\/qsiacademy.com\/#website\"},\"datePublished\":\"2018-08-07T02:38:00+00:00\",\"dateModified\":\"2019-03-26T00:48:16+00:00\",\"breadcrumb\":{\"@id\":\"https:\/\/qsiacademy.com\/privacy-policy\/#breadcrumb\"},\"inLanguage\":\"es\",\"potentialAction\":[{\"@type\":\"ReadAction\",\"target\":[\"https:\/\/qsiacademy.com\/privacy-policy\/\"]}]},{\"@type\":\"BreadcrumbList\",\"@id\":\"https:\/\/qsiacademy.com\/privacy-policy\/#breadcrumb\",\"itemListElement\":[{\"@type\":\"ListItem\",\"position\":1,\"name\":\"Home\",\"item\":\"https:\/\/qsiacademy.com\/\"},{\"@type\":\"ListItem\",\"position\":2,\"name\":\"Privacy Policy\"}]},{\"@type\":\"WebSite\",\"@id\":\"https:\/\/qsiacademy.com\/#website\",\"url\":\"https:\/\/qsiacademy.com\/\",\"name\":\"QSI Academy\",\"description\":\"Cursos y Diplomados Acreditados\",\"potentialAction\":[{\"@type\":\"SearchAction\",\"target\":{\"@type\":\"EntryPoint\",\"urlTemplate\":\"https:\/\/qsiacademy.com\/?s={search_term_string}\"},\"query-input\":{\"@type\":\"PropertyValueSpecification\",\"valueRequired\":true,\"valueName\":\"search_term_string\"}}],\"inLanguage\":\"es\"}]}<\/script>\n<!-- \/ Yoast SEO plugin. -->","yoast_head_json":{"title":"Pol\u00edtica de Privacidad - QSI Academy","robots":{"index":"index","follow":"follow","max-snippet":"max-snippet:-1","max-image-preview":"max-image-preview:large","max-video-preview":"max-video-preview:-1"},"canonical":"https:\/\/qsiacademy.com\/privacy-policy\/","og_locale":"es_ES","og_type":"article","og_title":"Pol\u00edtica de Privacidad - QSI Academy","og_description":"[vc_row][vc_column][vc_column_text] Fecha de vigencia: 24 de agosto de 2018 Utilizamos sus datos para proporcionar y mejorar el Servicio. Al utilizar el Servicio, usted acepta la recopilaci\u00f3n y el uso de informaci\u00f3n de acuerdo con esta pol\u00edtica. A menos que se defina lo contrario en esta Pol\u00edtica de Privacidad, los t\u00e9rminos utilizados en esta Pol\u00edtica de [&hellip;]","og_url":"https:\/\/qsiacademy.com\/privacy-policy\/","og_site_name":"QSI Academy","article_modified_time":"2019-03-26T00:48:16+00:00","twitter_card":"summary_large_image","twitter_site":"@qsiacademy","twitter_misc":{"Tiempo de lectura":"7 minutos"},"schema":{"@context":"https:\/\/schema.org","@graph":[{"@type":"WebPage","@id":"https:\/\/qsiacademy.com\/privacy-policy\/","url":"https:\/\/qsiacademy.com\/privacy-policy\/","name":"Pol\u00edtica de Privacidad - QSI Academy","isPartOf":{"@id":"https:\/\/qsiacademy.com\/#website"},"datePublished":"2018-08-07T02:38:00+00:00","dateModified":"2019-03-26T00:48:16+00:00","breadcrumb":{"@id":"https:\/\/qsiacademy.com\/privacy-policy\/#breadcrumb"},"inLanguage":"es","potentialAction":[{"@type":"ReadAction","target":["https:\/\/qsiacademy.com\/privacy-policy\/"]}]},{"@type":"BreadcrumbList","@id":"https:\/\/qsiacademy.com\/privacy-policy\/#breadcrumb","itemListElement":[{"@type":"ListItem","position":1,"name":"Home","item":"https:\/\/qsiacademy.com\/"},{"@type":"ListItem","position":2,"name":"Privacy Policy"}]},{"@type":"WebSite","@id":"https:\/\/qsiacademy.com\/#website","url":"https:\/\/qsiacademy.com\/","name":"QSI Academy","description":"Cursos y Diplomados Acreditados","potentialAction":[{"@type":"SearchAction","target":{"@type":"EntryPoint","urlTemplate":"https:\/\/qsiacademy.com\/?s={search_term_string}"},"query-input":{"@type":"PropertyValueSpecification","valueRequired":true,"valueName":"search_term_string"}}],"inLanguage":"es"}]}},"uagb_featured_image_src":{"full":false,"thumbnail":false,"medium":false,"medium_large":false,"large":false,"1536x1536":false,"2048x2048":false,"blog-large":false,"blog-medium":false,"blog-masonry":false,"blog-masonry-small":false,"blog-grid":false,"blog-grid-small":false,"related-post":false,"portfolio-grid-one":false,"portfolio-grid-two":false,"portfolio-grid":false,"portfolio-masonry":false,"portfolio-full":false,"portfolio-large":false,"portfolio-medium":false,"portfolio-timeline":false,"related-portfolio":false,"portfolio-cat-stripes":false,"portfolio-cat-parallax":false,"portfolio-thumbnail":false,"member-two":false,"member":false,"widget-thumb-medium":false,"widget-thumb":false,"woocommerce_thumbnail":false,"woocommerce_single":false,"woocommerce_gallery_thumbnail":false,"swatches_image_size":false,"ppec_logo_image_size":false,"ppec_header_image_size":false},"uagb_author_info":{"display_name":"Claudio Castillo","author_link":"https:\/\/qsiacademy.com\/es\/author\/ccastillonebusis-com\/"},"uagb_comment_info":0,"uagb_excerpt":"[vc_row][vc_column][vc_column_text] Fecha de vigencia: 24 de agosto de 2018 Utilizamos sus datos para proporcionar y mejorar el Servicio. Al utilizar el Servicio, usted acepta la recopilaci\u00f3n y el uso de informaci\u00f3n de acuerdo con esta pol\u00edtica. A menos que se defina lo contrario en esta Pol\u00edtica de Privacidad, los t\u00e9rminos utilizados en esta Pol\u00edtica de&hellip;","_links":{"self":[{"href":"https:\/\/qsiacademy.com\/es\/wp-json\/wp\/v2\/pages\/900","targetHints":{"allow":["GET"]}}],"collection":[{"href":"https:\/\/qsiacademy.com\/es\/wp-json\/wp\/v2\/pages"}],"about":[{"href":"https:\/\/qsiacademy.com\/es\/wp-json\/wp\/v2\/types\/page"}],"author":[{"embeddable":true,"href":"https:\/\/qsiacademy.com\/es\/wp-json\/wp\/v2\/users\/3"}],"replies":[{"embeddable":true,"href":"https:\/\/qsiacademy.com\/es\/wp-json\/wp\/v2\/comments?post=900"}],"version-history":[{"count":10,"href":"https:\/\/qsiacademy.com\/es\/wp-json\/wp\/v2\/pages\/900\/revisions"}],"predecessor-version":[{"id":2329,"href":"https:\/\/qsiacademy.com\/es\/wp-json\/wp\/v2\/pages\/900\/revisions\/2329"}],"wp:attachment":[{"href":"https:\/\/qsiacademy.com\/es\/wp-json\/wp\/v2\/media?parent=900"}],"curies":[{"name":"wp","href":"https:\/\/api.w.org\/{rel}","templated":true}]}}