{"id":906,"date":"2018-08-07T02:43:06","date_gmt":"2018-08-07T02:43:06","guid":{"rendered":"https:\/\/qsiacademy.com\/?page_id=906"},"modified":"2019-03-28T23:32:16","modified_gmt":"2019-03-28T23:32:16","slug":"terms-and-conditions","status":"publish","type":"page","link":"https:\/\/qsiacademy.com\/es\/terms-and-conditions\/","title":{"rendered":"T\u00e9rminos y Condiciones"},"content":{"rendered":"<p>[vc_row][vc_column][vc_column_text]<\/p>\n<p style=\"text-align: justify;\"><strong>T\u00c9RMINOS Y CONDICIONES DE PAGO<\/strong><br \/>\nAl inscribirse en el curso se le enviar\u00e1 una factura a su correo electr\u00f3nico que le proporcionar\u00e1 las instrucciones de pago. El pago debe ser recibido por lo menos 7 d\u00edas h\u00e1biles antes del inicio del curso.<\/p>\n<p style=\"text-align: justify;\"><strong>COMPRA DE NORMAS ISO<\/strong><br \/>\nAntes de iniciar el curso, cada participante debe comprar su propia copia oficial de la(s) norma(s) a trav\u00e9s de <a href=\"http:\/\/www.ISO.ch\">www.ISO.ch<\/a> o a trav\u00e9s de su organismo nacional de normalizaci\u00f3n.<\/p>\n<p style=\"text-align: justify;\"><strong>DESCUENTOS<\/strong><br \/>\nSe ofrecen descuentos especiales para grupos de la misma organizaci\u00f3n.<br \/>\nDe 3 a 5 participantes = 5% de descuento<br \/>\nDe 6 a 10 participantes = 10% de descuento<br \/>\nM\u00e1s de 10 participantes = 15% de descuento<br \/>\nSi tiene una solicitud especial (es decir, varios grupos en varias fechas), p\u00f3ngase en contacto con nosotros a trav\u00e9s de<a href=\"mailto:training@qsiacademy.com\"> training@qsiacademy.com<\/a>.<\/p>\n<p style=\"text-align: justify;\"><strong>CONFIRMACIONES<\/strong><br \/>\nLas confirmaciones se emitir\u00e1n al alcanzar el n\u00famero m\u00ednimo de participantes. Sugerimos que los participantes registrados comprueben peri\u00f3dicamente el estado del curso.<br \/>\nSi no se alcanza el n\u00famero m\u00ednimo de participantes, puede optar por un reembolso completo o recibir cr\u00e9dito para un curso futuro. Tambi\u00e9n se les concedieron reembolsos por cancelaciones escritas recibidas m\u00e1s de 7 d\u00edas naturales antes del inicio del curso. Se aplicar\u00e1 un cargo administrativo de US $ 100 y se deducir\u00e1. Si cancelas tu participaci\u00f3n con menos de 7 d\u00edas de antelaci\u00f3n al inicio del curso, ser\u00e1s responsable del coste total del curso y no se te devolver\u00e1 el dinero.<\/p>\n<p style=\"text-align: justify;\"><strong>CANCELACIONES<\/strong><br \/>\nLos participantes que elijan no participar y deseen retirarse despu\u00e9s de haber sido aprobados deben enviar su notificaci\u00f3n de cancelaci\u00f3n por escrito y se aplicar\u00e1 un cargo administrativo de $ 100 cuando las notificaciones de cancelaci\u00f3n se reciban dentro de los 7 d\u00edas calendario anteriores al inicio del curso. Los participantes que cancelen con menos de 7 d\u00edas de antelaci\u00f3n ser\u00e1n responsables de la tarifa completa del curso.<\/p>\n<p style=\"text-align: justify;\"><strong>SUBSTITUCIONES<\/strong><br \/>\nEn los casos en que el estudiante no puede asistir, se permite el cr\u00e9dito, o se puede recibir un cr\u00e9dito para un curso futuro.<\/p>\n<p style=\"text-align: justify;\"><strong>QU\u00d3RUM<\/strong><br \/>\nSi no se alcanza el n\u00famero m\u00ednimo de participantes, puede optar por un reembolso completo o recibir cr\u00e9dito para un curso futuro.<\/p>\n<p>[\/vc_column_text][\/vc_column][\/vc_row]<\/p>\n","protected":false},"excerpt":{"rendered":"<p>[vc_row][vc_column][vc_column_text] T\u00c9RMINOS Y CONDICIONES DE PAGO Al inscribirse en el curso se le enviar\u00e1 una factura a su correo electr\u00f3nico que le proporcionar\u00e1 las instrucciones de pago. El pago debe ser recibido por lo menos 7 d\u00edas h\u00e1biles antes del inicio del curso. COMPRA DE NORMAS ISO Antes de iniciar el curso, cada participante debe [&hellip;]<\/p>\n","protected":false},"author":3,"featured_media":0,"parent":0,"menu_order":0,"comment_status":"closed","ping_status":"closed","template":"","meta":{"_uag_custom_page_level_css":"","_exactmetrics_skip_tracking":false,"_exactmetrics_sitenote_active":false,"_exactmetrics_sitenote_note":"","_exactmetrics_sitenote_category":0,"_monsterinsights_skip_tracking":false,"_monsterinsights_sitenote_active":false,"_monsterinsights_sitenote_note":"","_monsterinsights_sitenote_category":0,"footnotes":""},"class_list":["post-906","page","type-page","status-publish","hentry"],"yoast_head":"<!-- This site is optimized with the Yoast SEO plugin v26.5 - https:\/\/yoast.com\/wordpress\/plugins\/seo\/ -->\n<title>T\u00e9rminos y Condiciones - QSI Academy<\/title>\n<meta name=\"robots\" content=\"index, follow, max-snippet:-1, max-image-preview:large, max-video-preview:-1\" \/>\n<link rel=\"canonical\" href=\"https:\/\/qsiacademy.com\/terms-and-conditions\/\" \/>\n<meta property=\"og:locale\" content=\"es_ES\" \/>\n<meta property=\"og:type\" content=\"article\" \/>\n<meta property=\"og:title\" content=\"T\u00e9rminos y Condiciones - QSI Academy\" \/>\n<meta property=\"og:description\" content=\"[vc_row][vc_column][vc_column_text] T\u00c9RMINOS Y CONDICIONES DE PAGO Al inscribirse en el curso se le enviar\u00e1 una factura a su correo electr\u00f3nico que le proporcionar\u00e1 las instrucciones de pago. El pago debe ser recibido por lo menos 7 d\u00edas h\u00e1biles antes del inicio del curso. COMPRA DE NORMAS ISO Antes de iniciar el curso, cada participante debe [&hellip;]\" \/>\n<meta property=\"og:url\" content=\"https:\/\/qsiacademy.com\/terms-and-conditions\/\" \/>\n<meta property=\"og:site_name\" content=\"QSI Academy\" \/>\n<meta property=\"article:modified_time\" content=\"2019-03-28T23:32:16+00:00\" \/>\n<meta name=\"twitter:card\" content=\"summary_large_image\" \/>\n<meta name=\"twitter:site\" content=\"@qsiacademy\" \/>\n<meta name=\"twitter:label1\" content=\"Tiempo de lectura\" \/>\n\t<meta name=\"twitter:data1\" content=\"2 minutos\" \/>\n<script type=\"application\/ld+json\" class=\"yoast-schema-graph\">{\"@context\":\"https:\/\/schema.org\",\"@graph\":[{\"@type\":\"WebPage\",\"@id\":\"https:\/\/qsiacademy.com\/terms-and-conditions\/\",\"url\":\"https:\/\/qsiacademy.com\/terms-and-conditions\/\",\"name\":\"T\u00e9rminos y Condiciones - QSI Academy\",\"isPartOf\":{\"@id\":\"https:\/\/qsiacademy.com\/#website\"},\"datePublished\":\"2018-08-07T02:43:06+00:00\",\"dateModified\":\"2019-03-28T23:32:16+00:00\",\"breadcrumb\":{\"@id\":\"https:\/\/qsiacademy.com\/terms-and-conditions\/#breadcrumb\"},\"inLanguage\":\"es\",\"potentialAction\":[{\"@type\":\"ReadAction\",\"target\":[\"https:\/\/qsiacademy.com\/terms-and-conditions\/\"]}]},{\"@type\":\"BreadcrumbList\",\"@id\":\"https:\/\/qsiacademy.com\/terms-and-conditions\/#breadcrumb\",\"itemListElement\":[{\"@type\":\"ListItem\",\"position\":1,\"name\":\"Home\",\"item\":\"https:\/\/qsiacademy.com\/\"},{\"@type\":\"ListItem\",\"position\":2,\"name\":\"Terms and Conditions\"}]},{\"@type\":\"WebSite\",\"@id\":\"https:\/\/qsiacademy.com\/#website\",\"url\":\"https:\/\/qsiacademy.com\/\",\"name\":\"QSI Academy\",\"description\":\"Cursos y Diplomados Acreditados\",\"potentialAction\":[{\"@type\":\"SearchAction\",\"target\":{\"@type\":\"EntryPoint\",\"urlTemplate\":\"https:\/\/qsiacademy.com\/?s={search_term_string}\"},\"query-input\":{\"@type\":\"PropertyValueSpecification\",\"valueRequired\":true,\"valueName\":\"search_term_string\"}}],\"inLanguage\":\"es\"}]}<\/script>\n<!-- \/ Yoast SEO plugin. -->","yoast_head_json":{"title":"T\u00e9rminos y Condiciones - QSI Academy","robots":{"index":"index","follow":"follow","max-snippet":"max-snippet:-1","max-image-preview":"max-image-preview:large","max-video-preview":"max-video-preview:-1"},"canonical":"https:\/\/qsiacademy.com\/terms-and-conditions\/","og_locale":"es_ES","og_type":"article","og_title":"T\u00e9rminos y Condiciones - QSI Academy","og_description":"[vc_row][vc_column][vc_column_text] T\u00c9RMINOS Y CONDICIONES DE PAGO Al inscribirse en el curso se le enviar\u00e1 una factura a su correo electr\u00f3nico que le proporcionar\u00e1 las instrucciones de pago. El pago debe ser recibido por lo menos 7 d\u00edas h\u00e1biles antes del inicio del curso. COMPRA DE NORMAS ISO Antes de iniciar el curso, cada participante debe [&hellip;]","og_url":"https:\/\/qsiacademy.com\/terms-and-conditions\/","og_site_name":"QSI Academy","article_modified_time":"2019-03-28T23:32:16+00:00","twitter_card":"summary_large_image","twitter_site":"@qsiacademy","twitter_misc":{"Tiempo de lectura":"2 minutos"},"schema":{"@context":"https:\/\/schema.org","@graph":[{"@type":"WebPage","@id":"https:\/\/qsiacademy.com\/terms-and-conditions\/","url":"https:\/\/qsiacademy.com\/terms-and-conditions\/","name":"T\u00e9rminos y Condiciones - QSI Academy","isPartOf":{"@id":"https:\/\/qsiacademy.com\/#website"},"datePublished":"2018-08-07T02:43:06+00:00","dateModified":"2019-03-28T23:32:16+00:00","breadcrumb":{"@id":"https:\/\/qsiacademy.com\/terms-and-conditions\/#breadcrumb"},"inLanguage":"es","potentialAction":[{"@type":"ReadAction","target":["https:\/\/qsiacademy.com\/terms-and-conditions\/"]}]},{"@type":"BreadcrumbList","@id":"https:\/\/qsiacademy.com\/terms-and-conditions\/#breadcrumb","itemListElement":[{"@type":"ListItem","position":1,"name":"Home","item":"https:\/\/qsiacademy.com\/"},{"@type":"ListItem","position":2,"name":"Terms and Conditions"}]},{"@type":"WebSite","@id":"https:\/\/qsiacademy.com\/#website","url":"https:\/\/qsiacademy.com\/","name":"QSI Academy","description":"Cursos y Diplomados Acreditados","potentialAction":[{"@type":"SearchAction","target":{"@type":"EntryPoint","urlTemplate":"https:\/\/qsiacademy.com\/?s={search_term_string}"},"query-input":{"@type":"PropertyValueSpecification","valueRequired":true,"valueName":"search_term_string"}}],"inLanguage":"es"}]}},"uagb_featured_image_src":{"full":false,"thumbnail":false,"medium":false,"medium_large":false,"large":false,"1536x1536":false,"2048x2048":false,"blog-large":false,"blog-medium":false,"blog-masonry":false,"blog-masonry-small":false,"blog-grid":false,"blog-grid-small":false,"related-post":false,"portfolio-grid-one":false,"portfolio-grid-two":false,"portfolio-grid":false,"portfolio-masonry":false,"portfolio-full":false,"portfolio-large":false,"portfolio-medium":false,"portfolio-timeline":false,"related-portfolio":false,"portfolio-cat-stripes":false,"portfolio-cat-parallax":false,"portfolio-thumbnail":false,"member-two":false,"member":false,"widget-thumb-medium":false,"widget-thumb":false,"woocommerce_thumbnail":false,"woocommerce_single":false,"woocommerce_gallery_thumbnail":false,"swatches_image_size":false,"ppec_logo_image_size":false,"ppec_header_image_size":false},"uagb_author_info":{"display_name":"Claudio Castillo","author_link":"https:\/\/qsiacademy.com\/es\/author\/ccastillonebusis-com\/"},"uagb_comment_info":0,"uagb_excerpt":"[vc_row][vc_column][vc_column_text] T\u00c9RMINOS Y CONDICIONES DE PAGO Al inscribirse en el curso se le enviar\u00e1 una factura a su correo electr\u00f3nico que le proporcionar\u00e1 las instrucciones de pago. El pago debe ser recibido por lo menos 7 d\u00edas h\u00e1biles antes del inicio del curso. COMPRA DE NORMAS ISO Antes de iniciar el curso, cada participante debe&hellip;","_links":{"self":[{"href":"https:\/\/qsiacademy.com\/es\/wp-json\/wp\/v2\/pages\/906","targetHints":{"allow":["GET"]}}],"collection":[{"href":"https:\/\/qsiacademy.com\/es\/wp-json\/wp\/v2\/pages"}],"about":[{"href":"https:\/\/qsiacademy.com\/es\/wp-json\/wp\/v2\/types\/page"}],"author":[{"embeddable":true,"href":"https:\/\/qsiacademy.com\/es\/wp-json\/wp\/v2\/users\/3"}],"replies":[{"embeddable":true,"href":"https:\/\/qsiacademy.com\/es\/wp-json\/wp\/v2\/comments?post=906"}],"version-history":[{"count":5,"href":"https:\/\/qsiacademy.com\/es\/wp-json\/wp\/v2\/pages\/906\/revisions"}],"predecessor-version":[{"id":2331,"href":"https:\/\/qsiacademy.com\/es\/wp-json\/wp\/v2\/pages\/906\/revisions\/2331"}],"wp:attachment":[{"href":"https:\/\/qsiacademy.com\/es\/wp-json\/wp\/v2\/media?parent=906"}],"curies":[{"name":"wp","href":"https:\/\/api.w.org\/{rel}","templated":true}]}}