{"id":987,"date":"2018-08-22T03:44:56","date_gmt":"2018-08-22T03:44:56","guid":{"rendered":"https:\/\/qsiacademy.com\/?page_id=987"},"modified":"2019-02-27T16:51:11","modified_gmt":"2019-02-27T16:51:11","slug":"certificate-program","status":"publish","type":"page","link":"https:\/\/qsiacademy.com\/es\/certificate-program\/","title":{"rendered":"Diplomados Acreditados"},"content":{"rendered":"<p>[vc_row][vc_column]<div class=\"porto-portfolios porto-portfoliosb6888cad2ce410637c27e0b7ae588430 wpb_content_element \">\n\t\n\t<div class=\"page-portfolios portfolios-grid clearfix \">\n\n\t\n\t\n\t\t\t<div class=\"portfolio-row portfolio-row-4 classic clearfix\">\n\n\t\n\t\t<article class=\"portfolio portfolio-grid portfolio-col-4 certificate-program post-1000 type-portfolio status-publish has-post-thumbnail hentry portfolio_cat-certificate-program\">\n\t\t<span class=\"entry-title\" style=\"display: none;\">AUDITOR basado en ISO 19011:2018<\/span><span class=\"vcard\" style=\"display: none;\"><span class=\"fn\"><a href=\"https:\/\/qsiacademy.com\/es\/author\/training\/\" title=\"Entradas de Training\" rel=\"author\">Training<\/a><\/span><\/span><span class=\"updated\" style=\"display:none\">2023-01-06T00:30:12+00:00<\/span>\t\t<div class=\"portfolio-item outimage\">\n\t\t\t\n\t\t\t<a class=\"text-decoration-none portfolio-link\" href=\"https:\/\/qsiacademy.com\/es\/course\/auditor-of-management-systems-19011\/\">\n\t\t\t\t<span class=\"thumb-info thumb-info-lighten thumb-info-slow-zoom\">\n\t\t\t\t\t<span class=\"thumb-info-wrapper\">\n\t\t\t\t\t\t\t\t\t\t\t\t\t\t\t<img loading=\"lazy\" decoding=\"async\" class=\"img-responsive\" src=\"https:\/\/qsiacademy.com\/wp-content\/uploads\/2018\/08\/url-1-367x367.jpg\" alt=\"\" width=\"367\" height=\"367\" \/>\n\t\t\t\t\t\t\t\t\t\n\t\t\t\t\t\t\n\t\t\t\t\t\t\t\t\t\t\t\t\t\t\t\t\t\t\t<span class=\"thumb-info-action\">\n\t\t\t\t\t\t\t\t\t\t\t\t\t\t\t\t\t<span class=\"thumb-info-action-icon thumb-info-action-icon-dark opacity-8\"><i class=\"fa fa-link\"><\/i><\/span>\n\t\t\t\t\t\t\t\t\t\t\t\t\t\t\t\t\t\t\t\t\t\t\t<\/span>\n\t\t\t\t\t\t\t\t\t\t\t\t\t\t\t\t\t<\/span>\n\t\t\t\t<\/span>\n\t\t\t<\/a>\n\t\t\t\t\t\t\t\t\t\t\t\t<h4 class=\"m-t-md m-b-none portfolio-title\">AUDITOR basado en ISO 19011:2018<\/h4>\n\t\t\t\t\n\t\t\t\t\t\t\t\t\t<p class=\"m-b-sm color-body\">Diplomado Acreditado<\/p>\n\t\t\t\t\n\t\t\t\t\t\t\t\t\t<div class=\"portfolio-brief-content m-t p-l-lg p-r-lg\">\n\t\t\t\t\t<div class=\"thumb-info-price\">Auditor<\/div>\n<ul class=\"nav text-sm\">\n<li>Este diplomado cubre las \u00faltimas directrices ISO 19011 y las t\u00e9cnicas correspondientes para realizar auditor\u00edas de sistemas de gesti\u00f3n.<\/li>\n<\/ul>\n\t\t\t\t\t<\/div>\n\t\t\t\t\n\t\t\t\t\t\t\t\t<\/div>\n\t<\/article>\n\t\t<article class=\"portfolio portfolio-grid portfolio-col-4 certificate-program post-1014 type-portfolio status-publish has-post-thumbnail hentry portfolio_cat-certificate-program\">\n\t\t<span class=\"entry-title\" style=\"display: none;\">AUDITOR L\u00cdDER basado en ISO 19011:2018<\/span><span class=\"vcard\" style=\"display: none;\"><span class=\"fn\"><a href=\"https:\/\/qsiacademy.com\/es\/author\/training\/\" title=\"Entradas de Training\" rel=\"author\">Training<\/a><\/span><\/span><span class=\"updated\" style=\"display:none\">2023-01-06T00:28:28+00:00<\/span>\t\t<div class=\"portfolio-item outimage\">\n\t\t\t\n\t\t\t<a class=\"text-decoration-none portfolio-link\" href=\"https:\/\/qsiacademy.com\/es\/course\/lead-auditor-of-management-systems-19011\/\">\n\t\t\t\t<span class=\"thumb-info thumb-info-lighten thumb-info-slow-zoom\">\n\t\t\t\t\t<span class=\"thumb-info-wrapper\">\n\t\t\t\t\t\t\t\t\t\t\t\t\t\t\t<img loading=\"lazy\" decoding=\"async\" class=\"img-responsive\" src=\"https:\/\/qsiacademy.com\/wp-content\/uploads\/2018\/07\/pic3-367x367.jpg\" alt=\"\" width=\"367\" height=\"367\" \/>\n\t\t\t\t\t\t\t\t\t\n\t\t\t\t\t\t\n\t\t\t\t\t\t\t\t\t\t\t\t\t\t\t\t\t\t\t<span class=\"thumb-info-action\">\n\t\t\t\t\t\t\t\t\t\t\t\t\t\t\t\t\t<span class=\"thumb-info-action-icon thumb-info-action-icon-dark opacity-8\"><i class=\"fa fa-link\"><\/i><\/span>\n\t\t\t\t\t\t\t\t\t\t\t\t\t\t\t\t\t\t\t\t\t\t\t<\/span>\n\t\t\t\t\t\t\t\t\t\t\t\t\t\t\t\t\t<\/span>\n\t\t\t\t<\/span>\n\t\t\t<\/a>\n\t\t\t\t\t\t\t\t\t\t\t\t<h4 class=\"m-t-md m-b-none portfolio-title\">AUDITOR L\u00cdDER basado en ISO 19011:2018<\/h4>\n\t\t\t\t\n\t\t\t\t\t\t\t\t\t<p class=\"m-b-sm color-body\">Diplomado Acreditado<\/p>\n\t\t\t\t\n\t\t\t\t\t\t\t\t\t<div class=\"portfolio-brief-content m-t p-l-lg p-r-lg\">\n\t\t\t\t\t<div class=\"thumb-info-price\">Auditor Lider<\/div>\n<ul class=\"nav text-sm\">\n<li>Este diplomado cubre las \u00faltimas directrices ISO 19011 y las t\u00e9cnicas correspondientes para realizar auditor\u00edas de sistemas de gesti\u00f3n.<\/li>\n<\/ul>\n\t\t\t\t\t<\/div>\n\t\t\t\t\n\t\t\t\t\t\t\t\t<\/div>\n\t<\/article>\n\t\t<article class=\"portfolio portfolio-grid portfolio-col-4 certificate-program post-1018 type-portfolio status-publish has-post-thumbnail hentry portfolio_cat-certificate-program\">\n\t\t<span class=\"entry-title\" style=\"display: none;\">IMPLEMENTADOR \/ CONSULTOR de Sistemas de Gesti\u00f3n ISO<\/span><span class=\"vcard\" style=\"display: none;\"><span class=\"fn\"><a href=\"https:\/\/qsiacademy.com\/es\/author\/training\/\" title=\"Entradas de Training\" rel=\"author\">Training<\/a><\/span><\/span><span class=\"updated\" style=\"display:none\">2023-01-06T00:26:26+00:00<\/span>\t\t<div class=\"portfolio-item outimage\">\n\t\t\t\n\t\t\t<a class=\"text-decoration-none portfolio-link\" href=\"https:\/\/qsiacademy.com\/es\/course\/management-systems-consultant\/\">\n\t\t\t\t<span class=\"thumb-info thumb-info-lighten thumb-info-slow-zoom\">\n\t\t\t\t\t<span class=\"thumb-info-wrapper\">\n\t\t\t\t\t\t\t\t\t\t\t\t\t\t\t<img loading=\"lazy\" decoding=\"async\" class=\"img-responsive\" src=\"https:\/\/qsiacademy.com\/wp-content\/uploads\/2018\/08\/document-mode-367x367.jpg\" alt=\"\" width=\"367\" height=\"367\" \/>\n\t\t\t\t\t\t\t\t\t\n\t\t\t\t\t\t\n\t\t\t\t\t\t\t\t\t\t\t\t\t\t\t\t\t\t\t<span class=\"thumb-info-action\">\n\t\t\t\t\t\t\t\t\t\t\t\t\t\t\t\t\t<span class=\"thumb-info-action-icon thumb-info-action-icon-dark opacity-8\"><i class=\"fa fa-link\"><\/i><\/span>\n\t\t\t\t\t\t\t\t\t\t\t\t\t\t\t\t\t\t\t\t\t\t\t<\/span>\n\t\t\t\t\t\t\t\t\t\t\t\t\t\t\t\t\t<\/span>\n\t\t\t\t<\/span>\n\t\t\t<\/a>\n\t\t\t\t\t\t\t\t\t\t\t\t<h4 class=\"m-t-md m-b-none portfolio-title\">IMPLEMENTADOR \/ CONSULTOR de Sistemas de Gesti\u00f3n ISO<\/h4>\n\t\t\t\t\n\t\t\t\t\t\t\t\t\t<p class=\"m-b-sm color-body\">Diplomado Acreditado<\/p>\n\t\t\t\t\n\t\t\t\t\t\t\t\t\t<div class=\"portfolio-brief-content m-t p-l-lg p-r-lg\">\n\t\t\t\t\t<div class=\"thumb-info-price\">Consultor<\/div>\n<ul class=\"nav text-sm\">\n<li>El diplomado cubre los m\u00e9todos y formatos t\u00edpicos para documentar sistemas de gesti\u00f3n.<\/li>\n<\/ul>\n\t\t\t\t\t<\/div>\n\t\t\t\t\n\t\t\t\t\t\t\t\t<\/div>\n\t<\/article>\n\t\t<article class=\"portfolio portfolio-grid portfolio-col-4 certificate-program post-1111 type-portfolio status-publish has-post-thumbnail hentry portfolio_cat-certificate-program\">\n\t\t<span class=\"entry-title\" style=\"display: none;\">COACH de Sistemas de Gesti\u00f3n ISO<\/span><span class=\"vcard\" style=\"display: none;\"><span class=\"fn\"><a href=\"https:\/\/qsiacademy.com\/es\/author\/training\/\" title=\"Entradas de Training\" rel=\"author\">Training<\/a><\/span><\/span><span class=\"updated\" style=\"display:none\">2023-01-11T17:07:18+00:00<\/span>\t\t<div class=\"portfolio-item outimage\">\n\t\t\t\n\t\t\t<a class=\"text-decoration-none portfolio-link\" href=\"https:\/\/qsiacademy.com\/es\/course\/management-systems-coach\/\">\n\t\t\t\t<span class=\"thumb-info thumb-info-lighten thumb-info-slow-zoom\">\n\t\t\t\t\t<span class=\"thumb-info-wrapper\">\n\t\t\t\t\t\t\t\t\t\t\t\t\t\t\t<img loading=\"lazy\" decoding=\"async\" class=\"img-responsive\" src=\"https:\/\/qsiacademy.com\/wp-content\/uploads\/2018\/08\/coach-mode-367x367.jpg\" alt=\"\" width=\"367\" height=\"367\" \/>\n\t\t\t\t\t\t\t\t\t\n\t\t\t\t\t\t\n\t\t\t\t\t\t\t\t\t\t\t\t\t\t\t\t\t\t\t<span class=\"thumb-info-action\">\n\t\t\t\t\t\t\t\t\t\t\t\t\t\t\t\t\t<span class=\"thumb-info-action-icon thumb-info-action-icon-dark opacity-8\"><i class=\"fa fa-link\"><\/i><\/span>\n\t\t\t\t\t\t\t\t\t\t\t\t\t\t\t\t\t\t\t\t\t\t\t<\/span>\n\t\t\t\t\t\t\t\t\t\t\t\t\t\t\t\t\t<\/span>\n\t\t\t\t<\/span>\n\t\t\t<\/a>\n\t\t\t\t\t\t\t\t\t\t\t\t<h4 class=\"m-t-md m-b-none portfolio-title\">COACH de Sistemas de Gesti\u00f3n ISO<\/h4>\n\t\t\t\t\n\t\t\t\t\t\t\t\t\t<p class=\"m-b-sm color-body\">Diplomado Acreditado<\/p>\n\t\t\t\t\n\t\t\t\t\t\t\t\t\t<div class=\"portfolio-brief-content m-t p-l-lg p-r-lg\">\n\t\t\t\t\t<div class=\"thumb-info-price\">Coach<\/div>\n<ul class=\"nav text-sm\">\n<li>Este diplomado cubre el enfoque del coaching para la implementaci\u00f3n de sistemas de gesti\u00f3n; Centr\u00e1ndose en el entrenamiento individual y en el entrenamiento de equipos.<\/li>\n<\/ul>\n\t\t\t\t\t<\/div>\n\t\t\t\t\n\t\t\t\t\t\t\t\t<\/div>\n\t<\/article>\n\t\n\t\n\t\n\t\t<\/div>\n\n\t\n\t\t\t<input type=\"hidden\" class=\"shortcode-id\" value=\"b6888cad2ce410637c27e0b7ae588430\"\/>\n\t\t\t\n\t<\/div>\n\n\t\n\t\n\t<\/div>[\/vc_column][\/vc_row]<\/p>\n","protected":false},"excerpt":{"rendered":"<p>[vc_row][vc_column][\/vc_column][\/vc_row]<\/p>\n","protected":false},"author":3,"featured_media":0,"parent":0,"menu_order":0,"comment_status":"closed","ping_status":"closed","template":"","meta":{"_uag_custom_page_level_css":"","_exactmetrics_skip_tracking":false,"_exactmetrics_sitenote_active":false,"_exactmetrics_sitenote_note":"","_exactmetrics_sitenote_category":0,"_monsterinsights_skip_tracking":false,"_monsterinsights_sitenote_active":false,"_monsterinsights_sitenote_note":"","_monsterinsights_sitenote_category":0,"footnotes":""},"class_list":["post-987","page","type-page","status-publish","hentry"],"yoast_head":"<!-- This site is optimized with the Yoast SEO plugin v26.5 - https:\/\/yoast.com\/wordpress\/plugins\/seo\/ -->\n<title>Diplomados Acreditados - QSI Academy<\/title>\n<meta name=\"robots\" content=\"index, follow, max-snippet:-1, max-image-preview:large, max-video-preview:-1\" \/>\n<link rel=\"canonical\" href=\"https:\/\/qsiacademy.com\/es\/certificate-program\/\" \/>\n<meta property=\"og:locale\" content=\"es_ES\" \/>\n<meta property=\"og:type\" content=\"article\" \/>\n<meta property=\"og:title\" content=\"Diplomados Acreditados - QSI Academy\" \/>\n<meta property=\"og:description\" content=\"[vc_row][vc_column][\/vc_column][\/vc_row]\" \/>\n<meta property=\"og:url\" content=\"https:\/\/qsiacademy.com\/es\/certificate-program\/\" \/>\n<meta property=\"og:site_name\" content=\"QSI Academy\" \/>\n<meta property=\"article:modified_time\" content=\"2019-02-27T16:51:11+00:00\" \/>\n<meta name=\"twitter:card\" content=\"summary_large_image\" \/>\n<meta name=\"twitter:site\" content=\"@qsiacademy\" \/>\n<script type=\"application\/ld+json\" class=\"yoast-schema-graph\">{\"@context\":\"https:\/\/schema.org\",\"@graph\":[{\"@type\":\"WebPage\",\"@id\":\"https:\/\/qsiacademy.com\/es\/certificate-program\/\",\"url\":\"https:\/\/qsiacademy.com\/es\/certificate-program\/\",\"name\":\"Diplomados Acreditados - QSI Academy\",\"isPartOf\":{\"@id\":\"https:\/\/qsiacademy.com\/#website\"},\"datePublished\":\"2018-08-22T03:44:56+00:00\",\"dateModified\":\"2019-02-27T16:51:11+00:00\",\"breadcrumb\":{\"@id\":\"https:\/\/qsiacademy.com\/es\/certificate-program\/#breadcrumb\"},\"inLanguage\":\"es\",\"potentialAction\":[{\"@type\":\"ReadAction\",\"target\":[\"https:\/\/qsiacademy.com\/es\/certificate-program\/\"]}]},{\"@type\":\"BreadcrumbList\",\"@id\":\"https:\/\/qsiacademy.com\/es\/certificate-program\/#breadcrumb\",\"itemListElement\":[{\"@type\":\"ListItem\",\"position\":1,\"name\":\"Home\",\"item\":\"https:\/\/qsiacademy.com\/\"},{\"@type\":\"ListItem\",\"position\":2,\"name\":\"Diplomados Acreditados\"}]},{\"@type\":\"WebSite\",\"@id\":\"https:\/\/qsiacademy.com\/#website\",\"url\":\"https:\/\/qsiacademy.com\/\",\"name\":\"QSI Academy\",\"description\":\"Cursos y Diplomados Acreditados\",\"potentialAction\":[{\"@type\":\"SearchAction\",\"target\":{\"@type\":\"EntryPoint\",\"urlTemplate\":\"https:\/\/qsiacademy.com\/?s={search_term_string}\"},\"query-input\":{\"@type\":\"PropertyValueSpecification\",\"valueRequired\":true,\"valueName\":\"search_term_string\"}}],\"inLanguage\":\"es\"}]}<\/script>\n<!-- \/ Yoast SEO plugin. -->","yoast_head_json":{"title":"Diplomados Acreditados - QSI Academy","robots":{"index":"index","follow":"follow","max-snippet":"max-snippet:-1","max-image-preview":"max-image-preview:large","max-video-preview":"max-video-preview:-1"},"canonical":"https:\/\/qsiacademy.com\/es\/certificate-program\/","og_locale":"es_ES","og_type":"article","og_title":"Diplomados Acreditados - QSI Academy","og_description":"[vc_row][vc_column][\/vc_column][\/vc_row]","og_url":"https:\/\/qsiacademy.com\/es\/certificate-program\/","og_site_name":"QSI Academy","article_modified_time":"2019-02-27T16:51:11+00:00","twitter_card":"summary_large_image","twitter_site":"@qsiacademy","schema":{"@context":"https:\/\/schema.org","@graph":[{"@type":"WebPage","@id":"https:\/\/qsiacademy.com\/es\/certificate-program\/","url":"https:\/\/qsiacademy.com\/es\/certificate-program\/","name":"Diplomados Acreditados - QSI Academy","isPartOf":{"@id":"https:\/\/qsiacademy.com\/#website"},"datePublished":"2018-08-22T03:44:56+00:00","dateModified":"2019-02-27T16:51:11+00:00","breadcrumb":{"@id":"https:\/\/qsiacademy.com\/es\/certificate-program\/#breadcrumb"},"inLanguage":"es","potentialAction":[{"@type":"ReadAction","target":["https:\/\/qsiacademy.com\/es\/certificate-program\/"]}]},{"@type":"BreadcrumbList","@id":"https:\/\/qsiacademy.com\/es\/certificate-program\/#breadcrumb","itemListElement":[{"@type":"ListItem","position":1,"name":"Home","item":"https:\/\/qsiacademy.com\/"},{"@type":"ListItem","position":2,"name":"Diplomados Acreditados"}]},{"@type":"WebSite","@id":"https:\/\/qsiacademy.com\/#website","url":"https:\/\/qsiacademy.com\/","name":"QSI Academy","description":"Cursos y Diplomados Acreditados","potentialAction":[{"@type":"SearchAction","target":{"@type":"EntryPoint","urlTemplate":"https:\/\/qsiacademy.com\/?s={search_term_string}"},"query-input":{"@type":"PropertyValueSpecification","valueRequired":true,"valueName":"search_term_string"}}],"inLanguage":"es"}]}},"uagb_featured_image_src":{"full":false,"thumbnail":false,"medium":false,"medium_large":false,"large":false,"1536x1536":false,"2048x2048":false,"blog-large":false,"blog-medium":false,"blog-masonry":false,"blog-masonry-small":false,"blog-grid":false,"blog-grid-small":false,"related-post":false,"portfolio-grid-one":false,"portfolio-grid-two":false,"portfolio-grid":false,"portfolio-masonry":false,"portfolio-full":false,"portfolio-large":false,"portfolio-medium":false,"portfolio-timeline":false,"related-portfolio":false,"portfolio-cat-stripes":false,"portfolio-cat-parallax":false,"portfolio-thumbnail":false,"member-two":false,"member":false,"widget-thumb-medium":false,"widget-thumb":false,"woocommerce_thumbnail":false,"woocommerce_single":false,"woocommerce_gallery_thumbnail":false,"swatches_image_size":false,"ppec_logo_image_size":false,"ppec_header_image_size":false},"uagb_author_info":{"display_name":"Claudio Castillo","author_link":"https:\/\/qsiacademy.com\/es\/author\/ccastillonebusis-com\/"},"uagb_comment_info":0,"uagb_excerpt":"[vc_row][vc_column][\/vc_column][\/vc_row]","_links":{"self":[{"href":"https:\/\/qsiacademy.com\/es\/wp-json\/wp\/v2\/pages\/987","targetHints":{"allow":["GET"]}}],"collection":[{"href":"https:\/\/qsiacademy.com\/es\/wp-json\/wp\/v2\/pages"}],"about":[{"href":"https:\/\/qsiacademy.com\/es\/wp-json\/wp\/v2\/types\/page"}],"author":[{"embeddable":true,"href":"https:\/\/qsiacademy.com\/es\/wp-json\/wp\/v2\/users\/3"}],"replies":[{"embeddable":true,"href":"https:\/\/qsiacademy.com\/es\/wp-json\/wp\/v2\/comments?post=987"}],"version-history":[{"count":7,"href":"https:\/\/qsiacademy.com\/es\/wp-json\/wp\/v2\/pages\/987\/revisions"}],"predecessor-version":[{"id":2019,"href":"https:\/\/qsiacademy.com\/es\/wp-json\/wp\/v2\/pages\/987\/revisions\/2019"}],"wp:attachment":[{"href":"https:\/\/qsiacademy.com\/es\/wp-json\/wp\/v2\/media?parent=987"}],"curies":[{"name":"wp","href":"https:\/\/api.w.org\/{rel}","templated":true}]}}